{"id":19,"date":"2018-11-15T02:52:37","date_gmt":"2018-11-15T04:52:37","guid":{"rendered":"https:\/\/galegoextintores.com.br\/loja\/?page_id=19"},"modified":"2018-11-19T15:25:41","modified_gmt":"2018-11-19T17:25:41","slug":"sobre","status":"publish","type":"page","link":"https:\/\/galegoextintores.com.br\/loja\/sobre\/","title":{"rendered":"Sobre"},"content":{"rendered":"<p>[vc_row][vc_column]\r\n\t\t\t<div class=\"nm-banner content-full image-type-fluid text-color-dark subtitle-below\" style=\"\"><img fetchpriority=\"high\" decoding=\"async\" src=\"https:\/\/galegoextintores.com.br\/loja\/wp-content\/uploads\/2018\/11\/extintor-dqs.jpg\" width=\"900\" height=\"450\" alt=\"extintor-dqs\" \/>\r\n\t\t\t<\/div>[vc_column_text]<\/p>\n<p>&nbsp;<\/p>\n<p>&nbsp;<\/p>\n<p>&nbsp;<\/p>\n<p>Fundada em 2007, a Galego Extintores fornece produtos e servi\u00e7os de inspe\u00e7\u00e3o, manuten\u00e7\u00e3o e recarga de extintores. Tamb\u00e9m atua na \u00e1rea de elabora\u00e7\u00e3o e execu\u00e7\u00e3o de projetos de combate a inc\u00eandio dentro das mais rigorosas normas brasileiras. Para esses servi\u00e7os, a Galego Extintores conta com uma eficiente estrutura, profissionais competentes e especializados, al\u00e9m de equipamentos modernos. Assim, assume o compromisso de valorizar seus clientes por meio de uma pol\u00edtica de qualidade.<\/p>\n<p>[\/vc_column_text][\/vc_column][\/vc_row]<\/p>\n","protected":false},"excerpt":{"rendered":"<p>[vc_row][vc_column][vc_column_text] &nbsp; &nbsp; &nbsp; Fundada em 2007, a Galego Extintores fornece produtos e servi\u00e7os de inspe\u00e7\u00e3o, manuten\u00e7\u00e3o e recarga de extintores. Tamb\u00e9m atua na \u00e1rea de elabora\u00e7\u00e3o e execu\u00e7\u00e3o de projetos de combate a inc\u00eandio dentro das mais rigorosas normas brasileiras. Para esses servi\u00e7os, a Galego Extintores conta com uma eficiente estrutura, profissionais competentes e &hellip;<\/p>\n","protected":false},"author":2,"featured_media":16,"parent":0,"menu_order":0,"comment_status":"closed","ping_status":"closed","template":"","meta":{"_joinchat":[],"footnotes":""},"class_list":["post-19","page","type-page","status-publish","has-post-thumbnail","hentry"],"_links":{"self":[{"href":"https:\/\/galegoextintores.com.br\/loja\/wp-json\/wp\/v2\/pages\/19","targetHints":{"allow":["GET"]}}],"collection":[{"href":"https:\/\/galegoextintores.com.br\/loja\/wp-json\/wp\/v2\/pages"}],"about":[{"href":"https:\/\/galegoextintores.com.br\/loja\/wp-json\/wp\/v2\/types\/page"}],"author":[{"embeddable":true,"href":"https:\/\/galegoextintores.com.br\/loja\/wp-json\/wp\/v2\/users\/2"}],"replies":[{"embeddable":true,"href":"https:\/\/galegoextintores.com.br\/loja\/wp-json\/wp\/v2\/comments?post=19"}],"version-history":[{"count":5,"href":"https:\/\/galegoextintores.com.br\/loja\/wp-json\/wp\/v2\/pages\/19\/revisions"}],"predecessor-version":[{"id":1190,"href":"https:\/\/galegoextintores.com.br\/loja\/wp-json\/wp\/v2\/pages\/19\/revisions\/1190"}],"wp:featuredmedia":[{"embeddable":true,"href":"https:\/\/galegoextintores.com.br\/loja\/wp-json\/wp\/v2\/media\/16"}],"wp:attachment":[{"href":"https:\/\/galegoextintores.com.br\/loja\/wp-json\/wp\/v2\/media?parent=19"}],"curies":[{"name":"wp","href":"https:\/\/api.w.org\/{rel}","templated":true}]}}