{"id":20,"date":"2018-11-15T02:52:37","date_gmt":"2018-11-15T04:52:37","guid":{"rendered":"https:\/\/galegoextintores.com.br\/loja\/?page_id=20"},"modified":"2018-11-15T02:52:37","modified_gmt":"2018-11-15T04:52:37","slug":"contato","status":"publish","type":"page","link":"https:\/\/galegoextintores.com.br\/loja\/contato\/","title":{"rendered":"Contato"},"content":{"rendered":"<p>Esta \u00e9 uma p\u00e1gina com algumas informa\u00e7\u00f5es b\u00e1sicas de contato, como um endere\u00e7o e n\u00famero de telefone. Voc\u00ea tamb\u00e9m pode experimentar usar um plugin para adicionar um formul\u00e1rio de contato.<\/p>\n","protected":false},"excerpt":{"rendered":"<p>Esta \u00e9 uma p\u00e1gina com algumas informa\u00e7\u00f5es b\u00e1sicas de contato, como um endere\u00e7o e n\u00famero de telefone. Voc\u00ea tamb\u00e9m pode experimentar usar um plugin para adicionar um formul\u00e1rio de contato.<\/p>\n","protected":false},"author":2,"featured_media":15,"parent":0,"menu_order":0,"comment_status":"closed","ping_status":"closed","template":"","meta":{"_joinchat":[],"footnotes":""},"class_list":["post-20","page","type-page","status-publish","has-post-thumbnail","hentry"],"_links":{"self":[{"href":"https:\/\/galegoextintores.com.br\/loja\/wp-json\/wp\/v2\/pages\/20","targetHints":{"allow":["GET"]}}],"collection":[{"href":"https:\/\/galegoextintores.com.br\/loja\/wp-json\/wp\/v2\/pages"}],"about":[{"href":"https:\/\/galegoextintores.com.br\/loja\/wp-json\/wp\/v2\/types\/page"}],"author":[{"embeddable":true,"href":"https:\/\/galegoextintores.com.br\/loja\/wp-json\/wp\/v2\/users\/2"}],"replies":[{"embeddable":true,"href":"https:\/\/galegoextintores.com.br\/loja\/wp-json\/wp\/v2\/comments?post=20"}],"version-history":[{"count":1,"href":"https:\/\/galegoextintores.com.br\/loja\/wp-json\/wp\/v2\/pages\/20\/revisions"}],"predecessor-version":[{"id":26,"href":"https:\/\/galegoextintores.com.br\/loja\/wp-json\/wp\/v2\/pages\/20\/revisions\/26"}],"wp:featuredmedia":[{"embeddable":true,"href":"https:\/\/galegoextintores.com.br\/loja\/wp-json\/wp\/v2\/media\/15"}],"wp:attachment":[{"href":"https:\/\/galegoextintores.com.br\/loja\/wp-json\/wp\/v2\/media?parent=20"}],"curies":[{"name":"wp","href":"https:\/\/api.w.org\/{rel}","templated":true}]}}