{"id":233,"date":"2015-08-11T21:42:02","date_gmt":"2015-08-11T21:42:02","guid":{"rendered":"http:\/\/savoy.nordicmade.com\/product\/gold-motif-vase\/"},"modified":"2022-07-22T15:51:28","modified_gmt":"2022-07-22T18:51:28","slug":"extintor-pqs-2kg-abc","status":"publish","type":"product","link":"https:\/\/galegoextintores.com.br\/loja\/product\/extintor-pqs-2kg-abc\/","title":{"rendered":"EXTINTOR PQS 2KG &#8211; ABC &#8211; 5 anos"},"content":{"rendered":"<p>Extintor port\u00e1til de pressuriza\u00e7\u00e3o direta, com carga de p\u00f3 qu\u00edmico seco ABC, fabricado conforme ABNT NBR 15808:2010 em tubo de a\u00e7o carbono.<\/p>\n<p>Destinado ao combate de princ\u00edpios de inc\u00eandio das Classes A (Res\u00edduos S\u00f3lidos), B (L\u00edquidos inflam\u00e1veis), C (equipamentos El\u00e9tricos), com press\u00e3o de trabalho de 10,5 Kgf.\/cm2.<\/p>\n","protected":false},"excerpt":{"rendered":"<ul>\n<li>Extintor port\u00e1til de pressuriza\u00e7\u00e3o direta, com carga de p\u00f3 qu\u00edmico seco ABC, fabricado conforme ABNT NBR 15808:2010 em tubo de a\u00e7o carbono.<\/li>\n<li>Destinado ao combate de princ\u00edpios de inc\u00eandio das Classes A (Res\u00edduos S\u00f3lidos), B (L\u00edquidos inflam\u00e1veis), C (equipamentos El\u00e9tricos), com press\u00e3o de trabalho de 10,5 Kgf.\/cm2.<\/li>\n<\/ul>\n","protected":false},"featured_media":1143,"comment_status":"open","ping_status":"closed","template":"","meta":{"_joinchat":[]},"product_brand":[],"product_cat":[52],"product_tag":[29,35],"class_list":{"0":"post-233","1":"product","2":"type-product","3":"status-publish","4":"has-post-thumbnail","6":"product_cat-extintores","7":"product_tag-decor","8":"product_tag-interior","10":"first","11":"instock","12":"shipping-taxable","13":"purchasable","14":"product-type-simple"},"_links":{"self":[{"href":"https:\/\/galegoextintores.com.br\/loja\/wp-json\/wp\/v2\/product\/233","targetHints":{"allow":["GET"]}}],"collection":[{"href":"https:\/\/galegoextintores.com.br\/loja\/wp-json\/wp\/v2\/product"}],"about":[{"href":"https:\/\/galegoextintores.com.br\/loja\/wp-json\/wp\/v2\/types\/product"}],"replies":[{"embeddable":true,"href":"https:\/\/galegoextintores.com.br\/loja\/wp-json\/wp\/v2\/comments?post=233"}],"wp:featuredmedia":[{"embeddable":true,"href":"https:\/\/galegoextintores.com.br\/loja\/wp-json\/wp\/v2\/media\/1143"}],"wp:attachment":[{"href":"https:\/\/galegoextintores.com.br\/loja\/wp-json\/wp\/v2\/media?parent=233"}],"wp:term":[{"taxonomy":"product_brand","embeddable":true,"href":"https:\/\/galegoextintores.com.br\/loja\/wp-json\/wp\/v2\/product_brand?post=233"},{"taxonomy":"product_cat","embeddable":true,"href":"https:\/\/galegoextintores.com.br\/loja\/wp-json\/wp\/v2\/product_cat?post=233"},{"taxonomy":"product_tag","embeddable":true,"href":"https:\/\/galegoextintores.com.br\/loja\/wp-json\/wp\/v2\/product_tag?post=233"}],"curies":[{"name":"wp","href":"https:\/\/api.w.org\/{rel}","templated":true}]}}